{"id":2421,"date":"2024-07-22T13:36:38","date_gmt":"2024-07-22T13:36:38","guid":{"rendered":"https:\/\/discountcalculator.org\/?page_id=2421"},"modified":"2024-10-30T12:44:37","modified_gmt":"2024-10-30T07:14:37","slug":"extensiones","status":"publish","type":"page","link":"https:\/\/discountcalculator.org\/es\/extensiones\/","title":{"rendered":"Extensiones"},"content":{"rendered":"<div data-elementor-type=\"wp-page\" data-elementor-id=\"2421\" class=\"elementor elementor-2421\" data-elementor-post-type=\"page\">\n\t\t\t\t\t\t<section class=\"elementor-section elementor-top-section elementor-element elementor-element-2ed4688 elementor-section-boxed elementor-section-height-default elementor-section-height-default\" data-id=\"2ed4688\" data-element_type=\"section\" data-settings=\"{&quot;animation&quot;:&quot;none&quot;,&quot;background_background&quot;:&quot;classic&quot;}\">\n\t\t\t\t\t\t<div class=\"elementor-container elementor-column-gap-default\">\n\t\t\t\t\t<div class=\"elementor-column elementor-col-100 elementor-top-column elementor-element elementor-element-40d5445\" data-id=\"40d5445\" data-element_type=\"column\">\n\t\t\t<div class=\"elementor-widget-wrap elementor-element-populated\">\n\t\t\t\t\t\t<div class=\"elementor-element elementor-element-80ff19d elementor-widget elementor-widget-heading\" data-id=\"80ff19d\" data-element_type=\"widget\" data-widget_type=\"heading.default\">\n\t\t\t\t<div class=\"elementor-widget-container\">\n\t\t\t\t\t<h1 class=\"elementor-heading-title elementor-size-default\">Extensiones del navegador<\/h1>\t\t\t\t<\/div>\n\t\t\t\t<\/div>\n\t\t\t\t<div class=\"elementor-element elementor-element-937ae0a elementor-widget elementor-widget-text-editor\" data-id=\"937ae0a\" data-element_type=\"widget\" data-widget_type=\"text-editor.default\">\n\t\t\t\t<div class=\"elementor-widget-container\">\n\t\t\t\t\t\t\t\t\t<p>Hemos creado un <strong>calculadora de descuentos<\/strong> para los principales navegadores basados en Chromium.<\/p>\t\t\t\t\t\t\t\t<\/div>\n\t\t\t\t<\/div>\n\t\t\t\t\t<\/div>\n\t\t<\/div>\n\t\t\t\t\t<\/div>\n\t\t<\/section>\n\t\t<div class=\"elementor-element elementor-element-c188005 e-flex e-con-boxed e-con e-parent\" data-id=\"c188005\" data-element_type=\"container\">\n\t\t\t\t\t<div class=\"e-con-inner\">\n\t\t\t\t<div class=\"elementor-element elementor-element-dc342ec elementor-widget elementor-widget-image\" data-id=\"dc342ec\" data-element_type=\"widget\" data-widget_type=\"image.default\">\n\t\t\t\t<div class=\"elementor-widget-container\">\n\t\t\t\t\t\t\t\t\t\t\t\t\t\t\t<img fetchpriority=\"high\" decoding=\"async\" width=\"1280\" height=\"800\" src=\"https:\/\/discountcalculator.org\/wp-content\/uploads\/2024\/07\/extensions.png\" class=\"attachment-full size-full wp-image-2428\" alt=\"calculadora de descuentos extensi\u00f3n del navegador vista previa\" srcset=\"https:\/\/discountcalculator.org\/wp-content\/uploads\/2024\/07\/extensions.png 1280w, https:\/\/discountcalculator.org\/wp-content\/uploads\/2024\/07\/extensions-300x188.png 300w, https:\/\/discountcalculator.org\/wp-content\/uploads\/2024\/07\/extensions-1024x640.png 1024w, https:\/\/discountcalculator.org\/wp-content\/uploads\/2024\/07\/extensions-768x480.png 768w\" sizes=\"(max-width: 1280px) 100vw, 1280px\" \/>\t\t\t\t\t\t\t\t\t\t\t\t\t\t\t<\/div>\n\t\t\t\t<\/div>\n\t\t\t\t\t<\/div>\n\t\t\t\t<\/div>\n\t\t\t\t<section class=\"elementor-section elementor-top-section elementor-element elementor-element-29f7b4a elementor-section-boxed elementor-section-height-default elementor-section-height-default\" data-id=\"29f7b4a\" data-element_type=\"section\" data-settings=\"{&quot;animation&quot;:&quot;none&quot;,&quot;background_background&quot;:&quot;classic&quot;}\">\n\t\t\t\t\t\t<div class=\"elementor-container elementor-column-gap-default\">\n\t\t\t\t\t<div class=\"elementor-column elementor-col-50 elementor-top-column elementor-element elementor-element-b93bbc6\" data-id=\"b93bbc6\" data-element_type=\"column\">\n\t\t\t<div class=\"elementor-widget-wrap elementor-element-populated\">\n\t\t\t\t\t\t<div class=\"elementor-element elementor-element-6acfbff elementor-widget elementor-widget-heading\" data-id=\"6acfbff\" data-element_type=\"widget\" data-widget_type=\"heading.default\">\n\t\t\t\t<div class=\"elementor-widget-container\">\n\t\t\t\t\t<h2 class=\"elementor-heading-title elementor-size-default\">Google Chrome<\/h2>\t\t\t\t<\/div>\n\t\t\t\t<\/div>\n\t\t\t\t<div class=\"elementor-element elementor-element-ae446cf elementor-widget elementor-widget-text-editor\" data-id=\"ae446cf\" data-element_type=\"widget\" data-widget_type=\"text-editor.default\">\n\t\t\t\t<div class=\"elementor-widget-container\">\n\t\t\t\t\t\t\t\t\t<p>La extensi\u00f3n de Chrome puede descargarse en Chrome Web store.<\/p>\t\t\t\t\t\t\t\t<\/div>\n\t\t\t\t<\/div>\n\t\t\t\t\t<\/div>\n\t\t<\/div>\n\t\t\t\t<div class=\"elementor-column elementor-col-50 elementor-top-column elementor-element elementor-element-672b5d4\" data-id=\"672b5d4\" data-element_type=\"column\">\n\t\t\t<div class=\"elementor-widget-wrap elementor-element-populated\">\n\t\t\t\t\t\t<div class=\"elementor-element elementor-element-8d4c908 elementor-widget elementor-widget-image\" data-id=\"8d4c908\" data-element_type=\"widget\" data-widget_type=\"image.default\">\n\t\t\t\t<div class=\"elementor-widget-container\">\n\t\t\t\t\t\t\t\t\t\t\t\t\t\t\t\t<a href=\"https:\/\/chromewebstore.google.com\/detail\/discount-calculator\/anegkddibigdgnppljefllnakohchdeg\">\n\t\t\t\t\t\t\t<img decoding=\"async\" width=\"496\" height=\"150\" src=\"https:\/\/discountcalculator.org\/wp-content\/uploads\/2024\/07\/download-chrome-extension-white.png\" class=\"attachment-full size-full wp-image-2424\" alt=\"descargar la extensi\u00f3n chrome de la calculadora de descuentos\" srcset=\"https:\/\/discountcalculator.org\/wp-content\/uploads\/2024\/07\/download-chrome-extension-white.png 496w, https:\/\/discountcalculator.org\/wp-content\/uploads\/2024\/07\/download-chrome-extension-white-300x91.png 300w\" sizes=\"(max-width: 496px) 100vw, 496px\" \/>\t\t\t\t\t\t\t\t<\/a>\n\t\t\t\t\t\t\t\t\t\t\t\t\t\t\t<\/div>\n\t\t\t\t<\/div>\n\t\t\t\t\t<\/div>\n\t\t<\/div>\n\t\t\t\t\t<\/div>\n\t\t<\/section>\n\t\t\t\t<section class=\"elementor-section elementor-top-section elementor-element elementor-element-84574f5 elementor-section-boxed elementor-section-height-default elementor-section-height-default\" data-id=\"84574f5\" data-element_type=\"section\" data-settings=\"{&quot;animation&quot;:&quot;none&quot;,&quot;background_background&quot;:&quot;classic&quot;}\">\n\t\t\t\t\t\t<div class=\"elementor-container elementor-column-gap-default\">\n\t\t\t\t\t<div class=\"elementor-column elementor-col-50 elementor-top-column elementor-element elementor-element-71a3c4a\" data-id=\"71a3c4a\" data-element_type=\"column\">\n\t\t\t<div class=\"elementor-widget-wrap elementor-element-populated\">\n\t\t\t\t\t\t<div class=\"elementor-element elementor-element-98ed1ed elementor-widget elementor-widget-heading\" data-id=\"98ed1ed\" data-element_type=\"widget\" data-widget_type=\"heading.default\">\n\t\t\t\t<div class=\"elementor-widget-container\">\n\t\t\t\t\t<h2 class=\"elementor-heading-title elementor-size-default\">Mozilla Firefox<\/h2>\t\t\t\t<\/div>\n\t\t\t\t<\/div>\n\t\t\t\t<div class=\"elementor-element elementor-element-3b4733a elementor-widget elementor-widget-text-editor\" data-id=\"3b4733a\" data-element_type=\"widget\" data-widget_type=\"text-editor.default\">\n\t\t\t\t<div class=\"elementor-widget-container\">\n\t\t\t\t\t\t\t\t\t<p>La extensi\u00f3n para Firefox puede descargarse en la tienda de complementos de Firefox.<\/p>\t\t\t\t\t\t\t\t<\/div>\n\t\t\t\t<\/div>\n\t\t\t\t\t<\/div>\n\t\t<\/div>\n\t\t\t\t<div class=\"elementor-column elementor-col-50 elementor-top-column elementor-element elementor-element-387f413\" data-id=\"387f413\" data-element_type=\"column\">\n\t\t\t<div class=\"elementor-widget-wrap elementor-element-populated\">\n\t\t\t\t\t\t<div class=\"elementor-element elementor-element-c23fbb8 elementor-widget elementor-widget-image\" data-id=\"c23fbb8\" data-element_type=\"widget\" data-widget_type=\"image.default\">\n\t\t\t\t<div class=\"elementor-widget-container\">\n\t\t\t\t\t\t\t\t\t\t\t\t\t\t\t\t<a href=\"https:\/\/addons.mozilla.org\/addon\/discount-calculator-pro\/\">\n\t\t\t\t\t\t\t<img decoding=\"async\" width=\"172\" height=\"60\" src=\"https:\/\/discountcalculator.org\/wp-content\/uploads\/2024\/07\/download-firefox-extension.png\" class=\"attachment-full size-full wp-image-2425\" alt=\"descargar calculadora de descuentos extensi\u00f3n firefox\" \/>\t\t\t\t\t\t\t\t<\/a>\n\t\t\t\t\t\t\t\t\t\t\t\t\t\t\t<\/div>\n\t\t\t\t<\/div>\n\t\t\t\t\t<\/div>\n\t\t<\/div>\n\t\t\t\t\t<\/div>\n\t\t<\/section>\n\t\t\t\t<section class=\"elementor-section elementor-top-section elementor-element elementor-element-be44b39 elementor-section-boxed elementor-section-height-default elementor-section-height-default\" data-id=\"be44b39\" data-element_type=\"section\" data-settings=\"{&quot;animation&quot;:&quot;none&quot;,&quot;background_background&quot;:&quot;classic&quot;}\">\n\t\t\t\t\t\t<div class=\"elementor-container elementor-column-gap-default\">\n\t\t\t\t\t<div class=\"elementor-column elementor-col-50 elementor-top-column elementor-element elementor-element-0c5d5a0\" data-id=\"0c5d5a0\" data-element_type=\"column\">\n\t\t\t<div class=\"elementor-widget-wrap elementor-element-populated\">\n\t\t\t\t\t\t<div class=\"elementor-element elementor-element-e38460a elementor-widget elementor-widget-heading\" data-id=\"e38460a\" data-element_type=\"widget\" data-widget_type=\"heading.default\">\n\t\t\t\t<div class=\"elementor-widget-container\">\n\t\t\t\t\t<h2 class=\"elementor-heading-title elementor-size-default\">Microsoft Edge<\/h2>\t\t\t\t<\/div>\n\t\t\t\t<\/div>\n\t\t\t\t<div class=\"elementor-element elementor-element-2f694f8 elementor-widget elementor-widget-text-editor\" data-id=\"2f694f8\" data-element_type=\"widget\" data-widget_type=\"text-editor.default\">\n\t\t\t\t<div class=\"elementor-widget-container\">\n\t\t\t\t\t\t\t\t\t<p>La extensi\u00f3n de Edge est\u00e1 disponible para su descarga en la tienda de complementos de Microsoft Edge.<\/p>\t\t\t\t\t\t\t\t<\/div>\n\t\t\t\t<\/div>\n\t\t\t\t\t<\/div>\n\t\t<\/div>\n\t\t\t\t<div class=\"elementor-column elementor-col-50 elementor-top-column elementor-element elementor-element-1bd925a\" data-id=\"1bd925a\" data-element_type=\"column\">\n\t\t\t<div class=\"elementor-widget-wrap elementor-element-populated\">\n\t\t\t\t\t\t<div class=\"elementor-element elementor-element-6ac5a6b elementor-widget elementor-widget-image\" data-id=\"6ac5a6b\" data-element_type=\"widget\" data-widget_type=\"image.default\">\n\t\t\t\t<div class=\"elementor-widget-container\">\n\t\t\t\t\t\t\t\t\t\t\t\t\t\t\t\t<a href=\"https:\/\/microsoftedge.microsoft.com\/addons\/detail\/apmomaiipjnhlnjbadijofpkcldlmppf\">\n\t\t\t\t\t\t\t<img loading=\"lazy\" decoding=\"async\" width=\"390\" height=\"150\" src=\"https:\/\/discountcalculator.org\/wp-content\/uploads\/2024\/07\/microsoft-edge-extension.png\" class=\"attachment-full size-full wp-image-2426\" alt=\"descargar calculadora de descuentos extensi\u00f3n edge\" srcset=\"https:\/\/discountcalculator.org\/wp-content\/uploads\/2024\/07\/microsoft-edge-extension.png 390w, https:\/\/discountcalculator.org\/wp-content\/uploads\/2024\/07\/microsoft-edge-extension-300x115.png 300w\" sizes=\"(max-width: 390px) 100vw, 390px\" \/>\t\t\t\t\t\t\t\t<\/a>\n\t\t\t\t\t\t\t\t\t\t\t\t\t\t\t<\/div>\n\t\t\t\t<\/div>\n\t\t\t\t\t<\/div>\n\t\t<\/div>\n\t\t\t\t\t<\/div>\n\t\t<\/section>\n\t\t\t\t<\/div>","protected":false},"excerpt":{"rendered":"<p>Extensiones de navegador Hemos creado una extensi\u00f3n gratuita de calculadora de descuentos para los principales navegadores basados en Chromium. Google Chrome La extensi\u00f3n de Chrome est\u00e1 disponible para su descarga en la Chrome Web store. Mozilla Firefox La extensi\u00f3n de Firefox est\u00e1 disponible para su descarga en la tienda de complementos de Firefox. Microsoft Edge La extensi\u00f3n para Edge est\u00e1 disponible para descargar...<\/p>","protected":false},"author":1,"featured_media":0,"parent":0,"menu_order":0,"comment_status":"closed","ping_status":"closed","template":"","meta":{"_acf_changed":false,"_kad_post_transparent":"","_kad_post_title":"hide","_kad_post_layout":"fullwidth","_kad_post_sidebar_id":"","_kad_post_content_style":"unboxed","_kad_post_vertical_padding":"hide","_kad_post_feature":"hide","_kad_post_feature_position":"","_kad_post_header":false,"_kad_post_footer":false,"footnotes":""},"class_list":["post-2421","page","type-page","status-publish","hentry"],"acf":[],"yoast_head":"<!-- This site is optimized with the Yoast SEO Premium plugin v23.0 (Yoast SEO v25.6) - https:\/\/yoast.com\/wordpress\/plugins\/seo\/ -->\n<title>Extensions - Discount Calculator<\/title>\n<meta name=\"description\" content=\"Get your personal discount calculator browser extension for Google Chrome, Mozilla Firefox or Microsoft Edge.\" \/>\n<meta name=\"robots\" content=\"index, follow, max-snippet:-1, max-image-preview:large, max-video-preview:-1\" \/>\n<link rel=\"canonical\" href=\"https:\/\/discountcalculator.org\/es\/extensiones\/\" \/>\n<meta property=\"og:locale\" content=\"es_ES\" \/>\n<meta property=\"og:type\" content=\"article\" \/>\n<meta property=\"og:title\" content=\"Extensions\" \/>\n<meta property=\"og:description\" content=\"Get your personal discount calculator browser extension for Google Chrome, Mozilla Firefox or Microsoft Edge.\" \/>\n<meta property=\"og:url\" content=\"https:\/\/discountcalculator.org\/es\/extensiones\/\" \/>\n<meta property=\"og:site_name\" content=\"Discount Calculator\" \/>\n<meta property=\"article:publisher\" content=\"https:\/\/www.facebook.com\/DiscountCalculator\/\" \/>\n<meta property=\"article:modified_time\" content=\"2024-10-30T07:14:37+00:00\" \/>\n<meta property=\"og:image\" content=\"https:\/\/discountcalculator.org\/wp-content\/uploads\/2024\/07\/extensions.png\" \/>\n\t<meta property=\"og:image:width\" content=\"1280\" \/>\n\t<meta property=\"og:image:height\" content=\"800\" \/>\n\t<meta property=\"og:image:type\" content=\"image\/png\" \/>\n<meta name=\"twitter:card\" content=\"summary_large_image\" \/>\n<meta name=\"twitter:site\" content=\"@DiscountCalc\" \/>\n<meta name=\"twitter:label1\" content=\"Tiempo de lectura\" \/>\n\t<meta name=\"twitter:data1\" content=\"2 minutos\" \/>\n<script type=\"application\/ld+json\" class=\"yoast-schema-graph\">{\"@context\":\"https:\/\/schema.org\",\"@graph\":[{\"@type\":\"WebPage\",\"@id\":\"https:\/\/discountcalculator.org\/extensions\/\",\"url\":\"https:\/\/discountcalculator.org\/extensions\/\",\"name\":\"Extensions - Discount Calculator\",\"isPartOf\":{\"@id\":\"https:\/\/discountcalculator.org\/#website\"},\"primaryImageOfPage\":{\"@id\":\"https:\/\/discountcalculator.org\/extensions\/#primaryimage\"},\"image\":{\"@id\":\"https:\/\/discountcalculator.org\/extensions\/#primaryimage\"},\"thumbnailUrl\":\"https:\/\/discountcalculator.org\/wp-content\/uploads\/2024\/07\/extensions.png\",\"datePublished\":\"2024-07-22T13:36:38+00:00\",\"dateModified\":\"2024-10-30T07:14:37+00:00\",\"description\":\"Get your personal discount calculator browser extension for Google Chrome, Mozilla Firefox or Microsoft Edge.\",\"breadcrumb\":{\"@id\":\"https:\/\/discountcalculator.org\/extensions\/#breadcrumb\"},\"inLanguage\":\"es\",\"potentialAction\":[{\"@type\":\"ReadAction\",\"target\":[\"https:\/\/discountcalculator.org\/extensions\/\"]}]},{\"@type\":\"ImageObject\",\"inLanguage\":\"es\",\"@id\":\"https:\/\/discountcalculator.org\/extensions\/#primaryimage\",\"url\":\"https:\/\/discountcalculator.org\/wp-content\/uploads\/2024\/07\/extensions.png\",\"contentUrl\":\"https:\/\/discountcalculator.org\/wp-content\/uploads\/2024\/07\/extensions.png\"},{\"@type\":\"BreadcrumbList\",\"@id\":\"https:\/\/discountcalculator.org\/extensions\/#breadcrumb\",\"itemListElement\":[{\"@type\":\"ListItem\",\"position\":1,\"name\":\"Home\",\"item\":\"https:\/\/discountcalculator.org\/\"},{\"@type\":\"ListItem\",\"position\":2,\"name\":\"Extensions\"}]},{\"@type\":\"WebSite\",\"@id\":\"https:\/\/discountcalculator.org\/#website\",\"url\":\"https:\/\/discountcalculator.org\/\",\"name\":\"Discount Calculator\",\"description\":\"\",\"publisher\":{\"@id\":\"https:\/\/discountcalculator.org\/#organization\"},\"potentialAction\":[{\"@type\":\"SearchAction\",\"target\":{\"@type\":\"EntryPoint\",\"urlTemplate\":\"https:\/\/discountcalculator.org\/?s={search_term_string}\"},\"query-input\":{\"@type\":\"PropertyValueSpecification\",\"valueRequired\":true,\"valueName\":\"search_term_string\"}}],\"inLanguage\":\"es\"},{\"@type\":\"Organization\",\"@id\":\"https:\/\/discountcalculator.org\/#organization\",\"name\":\"Discount Calculator\",\"url\":\"https:\/\/discountcalculator.org\/\",\"logo\":{\"@type\":\"ImageObject\",\"inLanguage\":\"es\",\"@id\":\"https:\/\/discountcalculator.org\/#\/schema\/logo\/image\/\",\"url\":\"https:\/\/discountcalculator.org\/wp-content\/uploads\/2024\/07\/logo.png\",\"contentUrl\":\"https:\/\/discountcalculator.org\/wp-content\/uploads\/2024\/07\/logo.png\",\"width\":360,\"height\":90,\"caption\":\"Discount Calculator\"},\"image\":{\"@id\":\"https:\/\/discountcalculator.org\/#\/schema\/logo\/image\/\"},\"sameAs\":[\"https:\/\/www.facebook.com\/DiscountCalculator\/\",\"https:\/\/x.com\/DiscountCalc\",\"https:\/\/www.linkedin.com\/company\/discount-calculator\/\"],\"email\":\"contact@discountcalculator.org\",\"foundingDate\":\"2024-07-20\",\"numberOfEmployees\":{\"@type\":\"QuantitativeValue\",\"minValue\":\"1\",\"maxValue\":\"10\"}}]}<\/script>\n<!-- \/ Yoast SEO Premium plugin. -->","yoast_head_json":{"title":"Pr\u00f3rrogas - Calculadora de descuentos","description":"Consigue tu extensi\u00f3n de navegador de calculadora de descuentos personal para Google Chrome, Mozilla Firefox o Microsoft Edge.","robots":{"index":"index","follow":"follow","max-snippet":"max-snippet:-1","max-image-preview":"max-image-preview:large","max-video-preview":"max-video-preview:-1"},"canonical":"https:\/\/discountcalculator.org\/es\/extensiones\/","og_locale":"es_ES","og_type":"article","og_title":"Extensions","og_description":"Get your personal discount calculator browser extension for Google Chrome, Mozilla Firefox or Microsoft Edge.","og_url":"https:\/\/discountcalculator.org\/es\/extensiones\/","og_site_name":"Discount Calculator","article_publisher":"https:\/\/www.facebook.com\/DiscountCalculator\/","article_modified_time":"2024-10-30T07:14:37+00:00","og_image":[{"width":1280,"height":800,"url":"https:\/\/discountcalculator.org\/wp-content\/uploads\/2024\/07\/extensions.png","type":"image\/png"}],"twitter_card":"summary_large_image","twitter_site":"@DiscountCalc","twitter_misc":{"Tiempo de lectura":"2 minutos"},"schema":{"@context":"https:\/\/schema.org","@graph":[{"@type":"WebPage","@id":"https:\/\/discountcalculator.org\/extensions\/","url":"https:\/\/discountcalculator.org\/extensions\/","name":"Pr\u00f3rrogas - Calculadora de descuentos","isPartOf":{"@id":"https:\/\/discountcalculator.org\/#website"},"primaryImageOfPage":{"@id":"https:\/\/discountcalculator.org\/extensions\/#primaryimage"},"image":{"@id":"https:\/\/discountcalculator.org\/extensions\/#primaryimage"},"thumbnailUrl":"https:\/\/discountcalculator.org\/wp-content\/uploads\/2024\/07\/extensions.png","datePublished":"2024-07-22T13:36:38+00:00","dateModified":"2024-10-30T07:14:37+00:00","description":"Consigue tu extensi\u00f3n de navegador de calculadora de descuentos personal para Google Chrome, Mozilla Firefox o Microsoft Edge.","breadcrumb":{"@id":"https:\/\/discountcalculator.org\/extensions\/#breadcrumb"},"inLanguage":"es","potentialAction":[{"@type":"ReadAction","target":["https:\/\/discountcalculator.org\/extensions\/"]}]},{"@type":"ImageObject","inLanguage":"es","@id":"https:\/\/discountcalculator.org\/extensions\/#primaryimage","url":"https:\/\/discountcalculator.org\/wp-content\/uploads\/2024\/07\/extensions.png","contentUrl":"https:\/\/discountcalculator.org\/wp-content\/uploads\/2024\/07\/extensions.png"},{"@type":"BreadcrumbList","@id":"https:\/\/discountcalculator.org\/extensions\/#breadcrumb","itemListElement":[{"@type":"ListItem","position":1,"name":"Home","item":"https:\/\/discountcalculator.org\/"},{"@type":"ListItem","position":2,"name":"Extensions"}]},{"@type":"WebSite","@id":"https:\/\/discountcalculator.org\/#website","url":"https:\/\/discountcalculator.org\/","name":"Calculadora de descuentos","description":"","publisher":{"@id":"https:\/\/discountcalculator.org\/#organization"},"potentialAction":[{"@type":"SearchAction","target":{"@type":"EntryPoint","urlTemplate":"https:\/\/discountcalculator.org\/?s={search_term_string}"},"query-input":{"@type":"PropertyValueSpecification","valueRequired":true,"valueName":"search_term_string"}}],"inLanguage":"es"},{"@type":"Organization","@id":"https:\/\/discountcalculator.org\/#organization","name":"Calculadora de descuentos","url":"https:\/\/discountcalculator.org\/","logo":{"@type":"ImageObject","inLanguage":"es","@id":"https:\/\/discountcalculator.org\/#\/schema\/logo\/image\/","url":"https:\/\/discountcalculator.org\/wp-content\/uploads\/2024\/07\/logo.png","contentUrl":"https:\/\/discountcalculator.org\/wp-content\/uploads\/2024\/07\/logo.png","width":360,"height":90,"caption":"Discount Calculator"},"image":{"@id":"https:\/\/discountcalculator.org\/#\/schema\/logo\/image\/"},"sameAs":["https:\/\/www.facebook.com\/DiscountCalculator\/","https:\/\/x.com\/DiscountCalc","https:\/\/www.linkedin.com\/company\/discount-calculator\/"],"email":"contact@discountcalculator.org","foundingDate":"2024-07-20","numberOfEmployees":{"@type":"QuantitativeValue","minValue":"1","maxValue":"10"}}]}},"_links":{"self":[{"href":"https:\/\/discountcalculator.org\/es\/wp-json\/wp\/v2\/pages\/2421","targetHints":{"allow":["GET"]}}],"collection":[{"href":"https:\/\/discountcalculator.org\/es\/wp-json\/wp\/v2\/pages"}],"about":[{"href":"https:\/\/discountcalculator.org\/es\/wp-json\/wp\/v2\/types\/page"}],"author":[{"embeddable":true,"href":"https:\/\/discountcalculator.org\/es\/wp-json\/wp\/v2\/users\/1"}],"replies":[{"embeddable":true,"href":"https:\/\/discountcalculator.org\/es\/wp-json\/wp\/v2\/comments?post=2421"}],"version-history":[{"count":0,"href":"https:\/\/discountcalculator.org\/es\/wp-json\/wp\/v2\/pages\/2421\/revisions"}],"wp:attachment":[{"href":"https:\/\/discountcalculator.org\/es\/wp-json\/wp\/v2\/media?parent=2421"}],"curies":[{"name":"wp","href":"https:\/\/api.w.org\/{rel}","templated":true}]}}