{"id":36,"date":"2020-10-20T15:45:14","date_gmt":"2020-10-20T15:45:14","guid":{"rendered":"https:\/\/startertemplatecloud.com\/e03\/?page_id=13"},"modified":"2024-10-27T22:09:03","modified_gmt":"2024-10-27T16:39:03","slug":"pongase-en-contacto-con","status":"publish","type":"page","link":"https:\/\/discountcalculator.org\/es\/pongase-en-contacto-con\/","title":{"rendered":"P\u00f3ngase en contacto con"},"content":{"rendered":"<div data-elementor-type=\"wp-page\" data-elementor-id=\"36\" class=\"elementor elementor-36\" data-elementor-post-type=\"page\">\n\t\t\t\t\t\t<section class=\"elementor-section elementor-top-section elementor-element elementor-element-bbe8742 elementor-section-boxed elementor-section-height-default elementor-section-height-default\" data-id=\"bbe8742\" data-element_type=\"section\" data-settings=\"{&quot;animation&quot;:&quot;none&quot;,&quot;background_background&quot;:&quot;classic&quot;}\">\n\t\t\t\t\t\t<div class=\"elementor-container elementor-column-gap-default\">\n\t\t\t\t\t<div class=\"elementor-column elementor-col-100 elementor-top-column elementor-element elementor-element-565d405\" data-id=\"565d405\" data-element_type=\"column\">\n\t\t\t<div class=\"elementor-widget-wrap elementor-element-populated\">\n\t\t\t\t\t\t<div class=\"elementor-element elementor-element-efd1700 elementor-widget elementor-widget-heading\" data-id=\"efd1700\" data-element_type=\"widget\" data-widget_type=\"heading.default\">\n\t\t\t\t<div class=\"elementor-widget-container\">\n\t\t\t\t\t<h1 class=\"elementor-heading-title elementor-size-default\">P\u00f3ngase en contacto con<\/h1>\t\t\t\t<\/div>\n\t\t\t\t<\/div>\n\t\t\t\t<div class=\"elementor-element elementor-element-44a29bf elementor-widget elementor-widget-text-editor\" data-id=\"44a29bf\" data-element_type=\"widget\" data-widget_type=\"text-editor.default\">\n\t\t\t\t<div class=\"elementor-widget-container\">\n\t\t\t\t\t\t\t\t\t<p>\u00bfTiene alguna pregunta, sugerencia o simplemente quiere charlar? Estaremos encantados de escucharle.<\/p>\t\t\t\t\t\t\t\t<\/div>\n\t\t\t\t<\/div>\n\t\t\t\t\t<\/div>\n\t\t<\/div>\n\t\t\t\t\t<\/div>\n\t\t<\/section>\n\t\t\t\t<section class=\"elementor-section elementor-top-section elementor-element elementor-element-1377df1 elementor-section-boxed elementor-section-height-default elementor-section-height-default\" data-id=\"1377df1\" data-element_type=\"section\">\n\t\t\t\t\t\t<div class=\"elementor-container elementor-column-gap-default\">\n\t\t\t\t\t<div class=\"elementor-column elementor-col-50 elementor-top-column elementor-element elementor-element-4b85abf3\" data-id=\"4b85abf3\" data-element_type=\"column\" data-settings=\"{&quot;background_background&quot;:&quot;classic&quot;}\">\n\t\t\t<div class=\"elementor-widget-wrap elementor-element-populated\">\n\t\t\t\t\t\t<section class=\"elementor-section elementor-inner-section elementor-element elementor-element-2691ca1b elementor-section-boxed elementor-section-height-default elementor-section-height-default\" data-id=\"2691ca1b\" data-element_type=\"section\" data-settings=\"{&quot;background_background&quot;:&quot;classic&quot;}\">\n\t\t\t\t\t\t<div class=\"elementor-container elementor-column-gap-default\">\n\t\t\t\t\t<div class=\"elementor-column elementor-col-100 elementor-inner-column elementor-element elementor-element-62e23e84\" data-id=\"62e23e84\" data-element_type=\"column\" data-settings=\"{&quot;background_background&quot;:&quot;classic&quot;}\">\n\t\t\t<div class=\"elementor-widget-wrap elementor-element-populated\">\n\t\t\t\t\t\t<div class=\"elementor-element elementor-element-359d325f fluentform-widget-submit-button-custom elementor-widget elementor-widget-fluent-form-widget\" data-id=\"359d325f\" data-element_type=\"widget\" data-widget_type=\"fluent-form-widget.default\">\n\t\t\t\t<div class=\"elementor-widget-container\">\n\t\t\t\t\t\n            <div class=\"fluentform-widget-wrapper fluentform-widget-align-default\">\n\n            \n            <div class='fluentform ff-default fluentform_wrapper_1 ffs_default_wrap'><form data-form_id=\"1\" id=\"fluentform_1\" class=\"frm-fluent-form fluent_form_1 ff-el-form-top ff_form_instance_1_1 ff-form-loading ffs_default\" data-form_instance=\"ff_form_instance_1_1\" method=\"POST\" action=\"\" ><fieldset  style=\"border: none!important;margin: 0!important;padding: 0!important;background-color: transparent!important;box-shadow: none!important;outline: none!important; min-inline-size: 100%;\">\n                    <legend class=\"ff_screen_reader_title\" style=\"display: block; margin: 0!important;padding: 0!important;height: 0!important;text-indent: -999999px;width: 0!important;overflow:hidden;\">Formulario de contacto<\/legend><input type='hidden' name='__fluent_form_embded_post_id' value='36' \/><input type=\"hidden\" id=\"_fluentform_1_fluentformnonce\" name=\"_fluentform_1_fluentformnonce\" value=\"43e8a32a80\" \/><input type=\"hidden\" name=\"_wp_http_referer\" value=\"\/es\/wp-json\/wp\/v2\/pages\/36\" \/><div data-type=\"name-element\" data-name=\"names\" class=\"ff-field_container ff-name-field-wrapper\" ><div class='ff-t-container'><div class='ff-t-cell'><div class='ff-el-group'><div class=\"ff-el-input--label asterisk-right\"><label for='ff_1_names_first_name_' >Nombre<\/label><\/div><div class='ff-el-input--content'><input type=\"text\" name=\"names[first_name]\" id=\"ff_1_names_first_name_\" class=\"ff-el-form-control\" placeholder=\"Nombre\" aria-invalid=\"false\" aria-required=\"false\"><\/div><\/div><\/div><div class='ff-t-cell'><div class='ff-el-group'><div class=\"ff-el-input--label asterisk-right\"><label for='ff_1_names_last_name_' >Apellido<\/label><\/div><div class='ff-el-input--content'><input type=\"text\" name=\"names[last_name]\" id=\"ff_1_names_last_name_\" class=\"ff-el-form-control\" placeholder=\"Apellido\" aria-invalid=\"false\" aria-required=\"false\"><\/div><\/div><\/div><\/div><\/div><div class='ff-el-group'><div class=\"ff-el-input--label ff-el-is-required asterisk-right\"><label for='ff_1_email' aria-label=\"Correo electr\u00f3nico\">Correo electr\u00f3nico<\/label><\/div><div class='ff-el-input--content'><input type=\"email\" name=\"email\" id=\"ff_1_email\" class=\"ff-el-form-control\" placeholder=\"Direcci\u00f3n de correo electr\u00f3nico\" data-name=\"email\"  aria-invalid=\"false\" aria-required=\"true\"><\/div><\/div><div class='ff-el-group'><div class=\"ff-el-input--label asterisk-right\"><label for='ff_1_subject' aria-label=\"Asunto\">Asunto<\/label><\/div><div class='ff-el-input--content'><input type=\"text\" name=\"subject\" class=\"ff-el-form-control\" placeholder=\"Asunto\" data-name=\"subject\" id=\"ff_1_subject\"  aria-invalid=\"false\" aria-required=\"false\"><\/div><\/div><div class='ff-el-group'><div class=\"ff-el-input--label ff-el-is-required asterisk-right\"><label for='ff_1_message' aria-label=\"Su mensaje\">Su mensaje<\/label><\/div><div class='ff-el-input--content'><textarea aria-invalid=\"false\" aria-required=\"true\" name=\"message\" id=\"ff_1_message\" class=\"ff-el-form-control\" placeholder=\"Su mensaje\" rows=\"4\" cols=\"2\" data-name=\"message\" ><\/textarea><\/div><\/div><div class='ff-el-group ff-text-left ff_submit_btn_wrapper'><button type=\"submit\" class=\"ff-btn ff-btn-submit ff-btn-md ff_btn_style\" >Enviar formulario<\/button><\/div><\/fieldset><input type=\"hidden\" name=\"trp-form-language\" value=\"es\"\/><\/form><div id='fluentform_1_errors' class='ff-errors-in-stack ff_form_instance_1_1 ff-form-loading_errors ff_form_instance_1_1_errors'><\/div><\/div>        <script type=\"text\/javascript\">\n            window.fluent_form_ff_form_instance_1_1 = {\"id\":\"1\",\"settings\":{\"layout\":{\"labelPlacement\":\"top\",\"helpMessagePlacement\":\"with_label\",\"errorMessagePlacement\":\"inline\",\"cssClassName\":\"\",\"asteriskPlacement\":\"asterisk-right\"},\"restrictions\":{\"denyEmptySubmission\":{\"enabled\":false}}},\"form_instance\":\"ff_form_instance_1_1\",\"form_id_selector\":\"fluentform_1\",\"rules\":{\"names[first_name]\":{\"required\":{\"value\":false,\"message\":\"This field is required\"}},\"names[middle_name]\":{\"required\":{\"value\":false,\"message\":\"This field is required\"}},\"names[last_name]\":{\"required\":{\"value\":false,\"message\":\"This field is required\"}},\"email\":{\"required\":{\"value\":true,\"message\":\"This field is required\"},\"email\":{\"value\":true,\"message\":\"This field must contain a valid email\"}},\"subject\":{\"required\":{\"value\":false,\"message\":\"This field is required\"}},\"message\":{\"required\":{\"value\":true,\"message\":\"This field is required\"}}},\"debounce_time\":300};\n                    <\/script>\n                    <\/div>\n\n            \t\t\t\t<\/div>\n\t\t\t\t<\/div>\n\t\t\t\t\t<\/div>\n\t\t<\/div>\n\t\t\t\t\t<\/div>\n\t\t<\/section>\n\t\t\t\t\t<\/div>\n\t\t<\/div>\n\t\t\t\t<div class=\"elementor-column elementor-col-50 elementor-top-column elementor-element elementor-element-31d2d532\" data-id=\"31d2d532\" data-element_type=\"column\">\n\t\t\t<div class=\"elementor-widget-wrap elementor-element-populated\">\n\t\t\t\t\t\t<div class=\"elementor-element elementor-element-24715b01 elementor-widget elementor-widget-heading\" data-id=\"24715b01\" data-element_type=\"widget\" data-widget_type=\"heading.default\">\n\t\t\t\t<div class=\"elementor-widget-container\">\n\t\t\t\t\t<h2 class=\"elementor-heading-title elementor-size-default\">Correo electr\u00f3nico<\/h2>\t\t\t\t<\/div>\n\t\t\t\t<\/div>\n\t\t\t\t<div class=\"elementor-element elementor-element-64024b92 elementor-widget elementor-widget-text-editor\" data-id=\"64024b92\" data-element_type=\"widget\" data-widget_type=\"text-editor.default\">\n\t\t\t\t<div class=\"elementor-widget-container\">\n\t\t\t\t\t\t\t\t\t<h3><span style=\"color: #000000;\">Para consultas generales o asistencia:<\/span><\/h3>\n<p>contact@discountcalculator.org<\/p>\n<h3><span style=\"color: #000000;\">Para asociaciones empresariales o consultas de los medios de comunicaci\u00f3n:<\/span><\/h3>\n<p>business@<span style=\"background-color: transparent;\">discountcalculator.org<\/span><\/p>\n<h2>Comentarios<\/h2>\n<p>Su opini\u00f3n nos importa Siempre buscamos mejorar nuestra Calculadora de descuentos. Si tiene alguna sugerencia o comentario, rellene nuestro formulario r\u00e1pido.<\/p>\t\t\t\t\t\t\t\t<\/div>\n\t\t\t\t<\/div>\n\t\t\t\t\t<\/div>\n\t\t<\/div>\n\t\t\t\t\t<\/div>\n\t\t<\/section>\n\t\t<div class=\"elementor-element elementor-element-3518117 e-flex e-con-boxed e-con e-parent\" data-id=\"3518117\" data-element_type=\"container\">\n\t\t\t\t\t<div class=\"e-con-inner\">\n\t\t\t\t<div class=\"elementor-element elementor-element-53bfbfa elementor-widget elementor-widget-spacer\" data-id=\"53bfbfa\" data-element_type=\"widget\" data-widget_type=\"spacer.default\">\n\t\t\t\t<div class=\"elementor-widget-container\">\n\t\t\t\t\t\t\t<div class=\"elementor-spacer\">\n\t\t\t<div class=\"elementor-spacer-inner\"><\/div>\n\t\t<\/div>\n\t\t\t\t\t\t<\/div>\n\t\t\t\t<\/div>\n\t\t\t\t\t<\/div>\n\t\t\t\t<\/div>\n\t\t\t\t<\/div>","protected":false},"excerpt":{"rendered":"<p>Contacto \u00bfTiene alguna pregunta, sugerencia o simplemente quiere charlar? Estaremos encantados de escucharle. Formulario de contacto Demo NombreApellidoCorreo electr\u00f3nicoAsuntoTu mensajeEnviar formulario Correo electr\u00f3nico Para consultas generales o asistencia: contact@discountcalculator.org Para asociaciones comerciales o consultas sobre medios de comunicaci\u00f3n: business@discountcalculator.org Comentarios \u00a1Tu opini\u00f3n nos importa! Siempre buscamos mejorar nuestra Calculadora de descuentos. Si tiene sugerencias o...<\/p>","protected":false},"author":1,"featured_media":0,"parent":0,"menu_order":0,"comment_status":"closed","ping_status":"closed","template":"","meta":{"_acf_changed":false,"_kad_post_transparent":"","_kad_post_title":"hide","_kad_post_layout":"fullwidth","_kad_post_sidebar_id":"","_kad_post_content_style":"unboxed","_kad_post_vertical_padding":"hide","_kad_post_feature":"hide","_kad_post_feature_position":"","_kad_post_header":false,"_kad_post_footer":false,"footnotes":""},"class_list":["post-36","page","type-page","status-publish","hentry"],"acf":[],"yoast_head":"<!-- This site is optimized with the Yoast SEO Premium plugin v23.0 (Yoast SEO v25.6) - https:\/\/yoast.com\/wordpress\/plugins\/seo\/ -->\n<title>Contact - Discount Calculator<\/title>\n<meta name=\"description\" content=\"Please reach out for any help, business requests or any other information. You can reach out via email or our social channels.\" \/>\n<meta name=\"robots\" content=\"index, follow, max-snippet:-1, max-image-preview:large, max-video-preview:-1\" \/>\n<link rel=\"canonical\" href=\"https:\/\/discountcalculator.org\/es\/pongase-en-contacto-con\/\" \/>\n<meta property=\"og:locale\" content=\"es_ES\" \/>\n<meta property=\"og:type\" content=\"article\" \/>\n<meta property=\"og:title\" content=\"Contact\" \/>\n<meta property=\"og:description\" content=\"Please reach out for any help, business requests or any other information. You can reach out via email or our social channels.\" \/>\n<meta property=\"og:url\" content=\"https:\/\/discountcalculator.org\/es\/pongase-en-contacto-con\/\" \/>\n<meta property=\"og:site_name\" content=\"Discount Calculator\" \/>\n<meta property=\"article:publisher\" content=\"https:\/\/www.facebook.com\/DiscountCalculator\/\" \/>\n<meta property=\"article:modified_time\" content=\"2024-10-27T16:39:03+00:00\" \/>\n<meta name=\"twitter:card\" content=\"summary_large_image\" \/>\n<meta name=\"twitter:site\" content=\"@DiscountCalc\" \/>\n<meta name=\"twitter:label1\" content=\"Tiempo de lectura\" \/>\n\t<meta name=\"twitter:data1\" content=\"1 minuto\" \/>\n<script type=\"application\/ld+json\" class=\"yoast-schema-graph\">{\"@context\":\"https:\/\/schema.org\",\"@graph\":[{\"@type\":\"WebPage\",\"@id\":\"https:\/\/discountcalculator.org\/contact\/\",\"url\":\"https:\/\/discountcalculator.org\/contact\/\",\"name\":\"Contact - Discount Calculator\",\"isPartOf\":{\"@id\":\"https:\/\/discountcalculator.org\/#website\"},\"datePublished\":\"2020-10-20T15:45:14+00:00\",\"dateModified\":\"2024-10-27T16:39:03+00:00\",\"description\":\"Please reach out for any help, business requests or any other information. You can reach out via email or our social channels.\",\"breadcrumb\":{\"@id\":\"https:\/\/discountcalculator.org\/contact\/#breadcrumb\"},\"inLanguage\":\"es\",\"potentialAction\":[{\"@type\":\"ReadAction\",\"target\":[\"https:\/\/discountcalculator.org\/contact\/\"]}]},{\"@type\":\"BreadcrumbList\",\"@id\":\"https:\/\/discountcalculator.org\/contact\/#breadcrumb\",\"itemListElement\":[{\"@type\":\"ListItem\",\"position\":1,\"name\":\"Home\",\"item\":\"https:\/\/discountcalculator.org\/\"},{\"@type\":\"ListItem\",\"position\":2,\"name\":\"Contact\"}]},{\"@type\":\"WebSite\",\"@id\":\"https:\/\/discountcalculator.org\/#website\",\"url\":\"https:\/\/discountcalculator.org\/\",\"name\":\"Discount Calculator\",\"description\":\"\",\"publisher\":{\"@id\":\"https:\/\/discountcalculator.org\/#organization\"},\"potentialAction\":[{\"@type\":\"SearchAction\",\"target\":{\"@type\":\"EntryPoint\",\"urlTemplate\":\"https:\/\/discountcalculator.org\/?s={search_term_string}\"},\"query-input\":{\"@type\":\"PropertyValueSpecification\",\"valueRequired\":true,\"valueName\":\"search_term_string\"}}],\"inLanguage\":\"es\"},{\"@type\":\"Organization\",\"@id\":\"https:\/\/discountcalculator.org\/#organization\",\"name\":\"Discount Calculator\",\"url\":\"https:\/\/discountcalculator.org\/\",\"logo\":{\"@type\":\"ImageObject\",\"inLanguage\":\"es\",\"@id\":\"https:\/\/discountcalculator.org\/#\/schema\/logo\/image\/\",\"url\":\"https:\/\/discountcalculator.org\/wp-content\/uploads\/2024\/07\/logo.png\",\"contentUrl\":\"https:\/\/discountcalculator.org\/wp-content\/uploads\/2024\/07\/logo.png\",\"width\":360,\"height\":90,\"caption\":\"Discount Calculator\"},\"image\":{\"@id\":\"https:\/\/discountcalculator.org\/#\/schema\/logo\/image\/\"},\"sameAs\":[\"https:\/\/www.facebook.com\/DiscountCalculator\/\",\"https:\/\/x.com\/DiscountCalc\",\"https:\/\/www.linkedin.com\/company\/discount-calculator\/\"],\"email\":\"contact@discountcalculator.org\",\"foundingDate\":\"2024-07-20\",\"numberOfEmployees\":{\"@type\":\"QuantitativeValue\",\"minValue\":\"1\",\"maxValue\":\"10\"}}]}<\/script>\n<!-- \/ Yoast SEO Premium plugin. -->","yoast_head_json":{"title":"Contacto - Calculadora de descuentos","description":"No dude en ponerse en contacto con nosotros si necesita ayuda, informaci\u00f3n comercial o cualquier otro tipo de informaci\u00f3n. Puede hacerlo por correo electr\u00f3nico o a trav\u00e9s de nuestras redes sociales.","robots":{"index":"index","follow":"follow","max-snippet":"max-snippet:-1","max-image-preview":"max-image-preview:large","max-video-preview":"max-video-preview:-1"},"canonical":"https:\/\/discountcalculator.org\/es\/pongase-en-contacto-con\/","og_locale":"es_ES","og_type":"article","og_title":"Contact","og_description":"Please reach out for any help, business requests or any other information. You can reach out via email or our social channels.","og_url":"https:\/\/discountcalculator.org\/es\/pongase-en-contacto-con\/","og_site_name":"Discount Calculator","article_publisher":"https:\/\/www.facebook.com\/DiscountCalculator\/","article_modified_time":"2024-10-27T16:39:03+00:00","twitter_card":"summary_large_image","twitter_site":"@DiscountCalc","twitter_misc":{"Tiempo de lectura":"1 minuto"},"schema":{"@context":"https:\/\/schema.org","@graph":[{"@type":"WebPage","@id":"https:\/\/discountcalculator.org\/contact\/","url":"https:\/\/discountcalculator.org\/contact\/","name":"Contacto - Calculadora de descuentos","isPartOf":{"@id":"https:\/\/discountcalculator.org\/#website"},"datePublished":"2020-10-20T15:45:14+00:00","dateModified":"2024-10-27T16:39:03+00:00","description":"No dude en ponerse en contacto con nosotros si necesita ayuda, informaci\u00f3n comercial o cualquier otro tipo de informaci\u00f3n. Puede hacerlo por correo electr\u00f3nico o a trav\u00e9s de nuestras redes sociales.","breadcrumb":{"@id":"https:\/\/discountcalculator.org\/contact\/#breadcrumb"},"inLanguage":"es","potentialAction":[{"@type":"ReadAction","target":["https:\/\/discountcalculator.org\/contact\/"]}]},{"@type":"BreadcrumbList","@id":"https:\/\/discountcalculator.org\/contact\/#breadcrumb","itemListElement":[{"@type":"ListItem","position":1,"name":"Home","item":"https:\/\/discountcalculator.org\/"},{"@type":"ListItem","position":2,"name":"Contact"}]},{"@type":"WebSite","@id":"https:\/\/discountcalculator.org\/#website","url":"https:\/\/discountcalculator.org\/","name":"Calculadora de descuentos","description":"","publisher":{"@id":"https:\/\/discountcalculator.org\/#organization"},"potentialAction":[{"@type":"SearchAction","target":{"@type":"EntryPoint","urlTemplate":"https:\/\/discountcalculator.org\/?s={search_term_string}"},"query-input":{"@type":"PropertyValueSpecification","valueRequired":true,"valueName":"search_term_string"}}],"inLanguage":"es"},{"@type":"Organization","@id":"https:\/\/discountcalculator.org\/#organization","name":"Calculadora de descuentos","url":"https:\/\/discountcalculator.org\/","logo":{"@type":"ImageObject","inLanguage":"es","@id":"https:\/\/discountcalculator.org\/#\/schema\/logo\/image\/","url":"https:\/\/discountcalculator.org\/wp-content\/uploads\/2024\/07\/logo.png","contentUrl":"https:\/\/discountcalculator.org\/wp-content\/uploads\/2024\/07\/logo.png","width":360,"height":90,"caption":"Discount Calculator"},"image":{"@id":"https:\/\/discountcalculator.org\/#\/schema\/logo\/image\/"},"sameAs":["https:\/\/www.facebook.com\/DiscountCalculator\/","https:\/\/x.com\/DiscountCalc","https:\/\/www.linkedin.com\/company\/discount-calculator\/"],"email":"contact@discountcalculator.org","foundingDate":"2024-07-20","numberOfEmployees":{"@type":"QuantitativeValue","minValue":"1","maxValue":"10"}}]}},"_links":{"self":[{"href":"https:\/\/discountcalculator.org\/es\/wp-json\/wp\/v2\/pages\/36","targetHints":{"allow":["GET"]}}],"collection":[{"href":"https:\/\/discountcalculator.org\/es\/wp-json\/wp\/v2\/pages"}],"about":[{"href":"https:\/\/discountcalculator.org\/es\/wp-json\/wp\/v2\/types\/page"}],"author":[{"embeddable":true,"href":"https:\/\/discountcalculator.org\/es\/wp-json\/wp\/v2\/users\/1"}],"replies":[{"embeddable":true,"href":"https:\/\/discountcalculator.org\/es\/wp-json\/wp\/v2\/comments?post=36"}],"version-history":[{"count":0,"href":"https:\/\/discountcalculator.org\/es\/wp-json\/wp\/v2\/pages\/36\/revisions"}],"wp:attachment":[{"href":"https:\/\/discountcalculator.org\/es\/wp-json\/wp\/v2\/media?parent=36"}],"curies":[{"name":"wp","href":"https:\/\/api.w.org\/{rel}","templated":true}]}}